{"id":11027,"date":"2020-11-24T12:15:55","date_gmt":"2020-11-24T11:15:55","guid":{"rendered":"https:\/\/sportschaeper.de\/courts-spielfelder\/?page_id=11027"},"modified":"2022-05-20T11:19:30","modified_gmt":"2022-05-20T09:19:30","slug":"torvarianten","status":"publish","type":"page","link":"https:\/\/sportschaeper.de\/courts-spielfelder\/torvarianten\/","title":{"rendered":"Torvarianten"},"content":{"rendered":"<div id='av_section_1'  class='avia-section av-savbyn-a2195cc956cc76738e92761d47e2533a main_color avia-section-small avia-no-border-styling  avia-builder-el-0  el_before_av_section  avia-builder-el-first  avia-bg-style-scroll container_wrap sidebar_right'  ><div class='container av-section-cont-open' ><main  role=\"main\" itemprop=\"mainContentOfPage\"  class='template-page content  av-content-small alpha units'><div class='post-entry post-entry-type-page post-entry-11027'><div class='entry-content-wrapper clearfix'>\n\n<style type=\"text\/css\" data-created_by=\"avia_inline_auto\" id=\"style-css-av-2gljbn-20f493d1506b6aa1a25d3e6c56f1156c\">\n#top .av-special-heading.av-2gljbn-20f493d1506b6aa1a25d3e6c56f1156c{\npadding-bottom:10px;\n}\nbody .av-special-heading.av-2gljbn-20f493d1506b6aa1a25d3e6c56f1156c .av-special-heading-tag .heading-char{\nfont-size:25px;\n}\n.av-special-heading.av-2gljbn-20f493d1506b6aa1a25d3e6c56f1156c .av-subheading{\nfont-size:15px;\n}\n<\/style>\n<div  class='av-special-heading av-2gljbn-20f493d1506b6aa1a25d3e6c56f1156c av-special-heading-h1 blockquote modern-quote modern-centered  avia-builder-el-1  el_before_av_hr  avia-builder-el-first '><h1 class='av-special-heading-tag '  itemprop=\"headline\"  >Optionale Torvarianten<\/h1><div class=\"special-heading-border\"><div class=\"special-heading-inner-border\"><\/div><\/div><\/div>\n\n<style type=\"text\/css\" data-created_by=\"avia_inline_auto\" id=\"style-css-av-khw42g39-306690717847fd8927b76b2f2f6a6864\">\n#top .hr.hr-invisible.av-khw42g39-306690717847fd8927b76b2f2f6a6864{\nheight:25px;\n}\n<\/style>\n<div  class='hr av-khw42g39-306690717847fd8927b76b2f2f6a6864 hr-invisible  avia-builder-el-2  el_after_av_heading  el_before_av_one_half  av-mini-hide'><span class='hr-inner '><span class=\"hr-inner-style\"><\/span><\/span><\/div>\n\n<style type=\"text\/css\" data-created_by=\"avia_inline_auto\" id=\"style-css-av-qcz1jj-26bda9593afc47de5959afa303d13b09\">\n.flex_column.av-qcz1jj-26bda9593afc47de5959afa303d13b09{\nborder-radius:0px 0px 0px 0px;\npadding:0px 0px 0px 0px;\n}\n<\/style>\n<div  class='flex_column av-qcz1jj-26bda9593afc47de5959afa303d13b09 av_one_half  avia-builder-el-3  el_after_av_hr  el_before_av_one_half  first flex_column_div av-zero-column-padding  '     ><style type=\"text\/css\" data-created_by=\"avia_inline_auto\" id=\"style-css-av-khvvwtql-462ebe6e397b314acf99d10b134751f4\">\n.avia-image-container.av-khvvwtql-462ebe6e397b314acf99d10b134751f4 img.avia_image{\nbox-shadow:none;\n}\n.avia-image-container.av-khvvwtql-462ebe6e397b314acf99d10b134751f4 .av-image-caption-overlay-center{\ncolor:#ffffff;\n}\n<\/style>\n<div  class='avia-image-container av-khvvwtql-462ebe6e397b314acf99d10b134751f4 av-styling- av-img-linked avia-align-center  avia-builder-el-4  avia-builder-el-no-sibling '   itemprop=\"image\" itemscope=\"itemscope\" itemtype=\"https:\/\/schema.org\/ImageObject\" ><div class=\"avia-image-container-inner\"><div class=\"avia-image-overlay-wrap\"><a href=\"https:\/\/sportschaeper.de\/courts-spielfelder\/wp-content\/uploads\/soccer-tor.jpg\" data-srcset=\"https:\/\/sportschaeper.de\/courts-spielfelder\/wp-content\/uploads\/soccer-tor.jpg 1000w, https:\/\/sportschaeper.de\/courts-spielfelder\/wp-content\/uploads\/soccer-tor-300x200.jpg 300w, https:\/\/sportschaeper.de\/courts-spielfelder\/wp-content\/uploads\/soccer-tor-768x512.jpg 768w, https:\/\/sportschaeper.de\/courts-spielfelder\/wp-content\/uploads\/soccer-tor-705x470.jpg 705w\" data-sizes=\"(max-width: 1000px) 100vw, 1000px\" class='avia_image '  aria-label='soccer-tor'><img decoding=\"async\" fetchpriority=\"high\" class='wp-image-10973 avia-img-lazy-loading-not-10973 avia_image ' src=\"https:\/\/sportschaeper.de\/courts-spielfelder\/wp-content\/uploads\/soccer-tor.jpg\" alt='Fu\u00dfballtor' title='soccer-tor'  height=\"667\" width=\"1000\"  itemprop=\"thumbnailUrl\" srcset=\"https:\/\/sportschaeper.de\/courts-spielfelder\/wp-content\/uploads\/soccer-tor.jpg 1000w, https:\/\/sportschaeper.de\/courts-spielfelder\/wp-content\/uploads\/soccer-tor-300x200.jpg 300w, https:\/\/sportschaeper.de\/courts-spielfelder\/wp-content\/uploads\/soccer-tor-768x512.jpg 768w, https:\/\/sportschaeper.de\/courts-spielfelder\/wp-content\/uploads\/soccer-tor-705x470.jpg 705w\" sizes=\"(max-width: 1000px) 100vw, 1000px\" \/><\/a><\/div><\/div><\/div><\/div>\n<style type=\"text\/css\" data-created_by=\"avia_inline_auto\" id=\"style-css-av-o4cy8f-1e326f0d9208492d4036414cb5e68736\">\n.flex_column.av-o4cy8f-1e326f0d9208492d4036414cb5e68736{\nborder-radius:0px 0px 0px 0px;\npadding:0px 0px 0px 0px;\n}\n<\/style>\n<div  class='flex_column av-o4cy8f-1e326f0d9208492d4036414cb5e68736 av_one_half  avia-builder-el-5  el_after_av_one_half  el_before_av_hr  flex_column_div av-zero-column-padding  '     ><p><section  class='av_textblock_section av-khvrjp7o-f9fa8c19375773a6eae117d8737ec07c '   itemscope=\"itemscope\" itemtype=\"https:\/\/schema.org\/CreativeWork\" ><div class='avia_textblock'  itemprop=\"text\" ><p><strong>Falls Sie in den Spielfeldern andere Torvarianten, -formen oder -gr\u00f6\u00dfen w\u00fcnschen, so sind alle Varianten mit allen Toren aus unserem Lieferprogramm kombinierbar. Den Minder- oder Mehrpreis berechnen wir Ihnen gern! z.B.<br \/>\n<\/strong><\/p>\n<p>Soccer-Tore, T\u00dcV-gepr\u00fcft nach DIN \/ EN 748, 8 Jahre Garantie<br \/>\nDer Torrahmen unserer Indoor\/Outdoor Soccer-Tore besteht aus Aluminium-Quadratprofil (80 x 80 mm), die Netzb\u00fcgel aus Aluminium-Quadratprofil (50 x 50 x 3 mm) und der Bodenrahmen aus Aluminium-Rechteckprofil (75 x 50 x 3 mm). An den Eckpunkten sind zus\u00e4tzliche Querstreben eingeschwei\u00dft \u2013 f\u00fcr au\u00dfergew\u00f6hnliche Stabilit\u00e4t. F\u00fcr den direkten Zugang zum Indoor-Soccer-Platz ist einer der Torb\u00fcgel als T\u00fcr konstruiert.<\/p>\n<p>Soccer Tor, 3 x 2 m, Standardauslage 1 m: Bestell Nr.: 07004001<br \/>\nSoccer Tor, 4 x 2 m, Standardauslage 1 m: Bestell Nr.: 07004002<br \/>\nSoccer Tor, 5 x 2 m, Standardauslage 1 m: Bestell Nr.: 07004003<br \/>\nMehrpreis Basketballaufsatz: Bestell Nr.: 08BQ11B7<\/p>\n<\/div><\/section><br \/>\n<section  class='av_textblock_section av-khvu4rrw-d5c129e32b47d5996247bd8fa346f2be '   itemscope=\"itemscope\" itemtype=\"https:\/\/schema.org\/CreativeWork\" ><div class='avia_textblock'  itemprop=\"text\" ><p><a href=\"https:\/\/www.sportschaeper.de\/shop\/sportplatz-sporthalle-turnhalle\/Soccer-Courts-Kleinspielfelder\/Mini-Soccer-Arena.html\" target=\"_blank\" rel=\"noopener\">Soccer Court &#8222;Soccer Cage Aluminium&#8220; im Online-Shop ansehen.<\/a><\/p>\n<\/div><\/section><\/p><\/div><div  class='hr av-o29xo3-9158d5dcba86d74e4b197fd0f871912d hr-default  avia-builder-el-8  el_after_av_one_half  avia-builder-el-last '><span class='hr-inner '><span class=\"hr-inner-style\"><\/span><\/span><\/div>\n\n<\/div><\/div><\/main><!-- close content main element --><\/div><\/div><div id='av_section_2'  class='avia-section av-jqvsq7-d3d02b4221d6ad9002244ff9718b5006 main_color avia-section-default avia-no-border-styling  avia-builder-el-9  el_after_av_section  avia-builder-el-last  avia-bg-style-scroll container_wrap sidebar_right'  ><div class='container av-section-cont-open' ><div class='template-page content  av-content-small alpha units'><div class='post-entry post-entry-type-page post-entry-11027'><div class='entry-content-wrapper clearfix'>\n\n<style type=\"text\/css\" data-created_by=\"avia_inline_auto\" id=\"style-css-av-qcz1jj-493d683a8bda5ec1929e745943a922ad\">\n#top .av-special-heading.av-qcz1jj-493d683a8bda5ec1929e745943a922ad{\npadding-bottom:10px;\n}\nbody .av-special-heading.av-qcz1jj-493d683a8bda5ec1929e745943a922ad .av-special-heading-tag .heading-char{\nfont-size:25px;\n}\n.av-special-heading.av-qcz1jj-493d683a8bda5ec1929e745943a922ad .av-subheading{\nfont-size:15px;\n}\n<\/style>\n<div  class='av-special-heading av-qcz1jj-493d683a8bda5ec1929e745943a922ad av-special-heading-h1 blockquote modern-quote modern-centered  avia-builder-el-10  el_before_av_hr  avia-builder-el-first '><h1 class='av-special-heading-tag '  itemprop=\"headline\"  >Sie w\u00fcnschen eine telefonische Beratung? Gern rufen wir Sie zur\u00fcck!<\/h1><div class=\"special-heading-border\"><div class=\"special-heading-inner-border\"><\/div><\/div><\/div>\n\n<style type=\"text\/css\" data-created_by=\"avia_inline_auto\" id=\"style-css-av-khvs8pmm-76aaa05bdd63d84ab0d4f1acb9b69049\">\n#top .hr.hr-invisible.av-khvs8pmm-76aaa05bdd63d84ab0d4f1acb9b69049{\nheight:25px;\n}\n<\/style>\n<div  class='hr av-khvs8pmm-76aaa05bdd63d84ab0d4f1acb9b69049 hr-invisible  avia-builder-el-11  el_after_av_heading  el_before_av_one_half '><span class='hr-inner '><span class=\"hr-inner-style\"><\/span><\/span><\/div>\n\n<style type=\"text\/css\" data-created_by=\"avia_inline_auto\" id=\"style-css-av-l6k81b-f547522cfbcde706a5f10df04e6ba215\">\n.flex_column.av-l6k81b-f547522cfbcde706a5f10df04e6ba215{\nborder-radius:0px 0px 0px 0px;\npadding:0px 0px 0px 0px;\n}\n<\/style>\n<div  class='flex_column av-l6k81b-f547522cfbcde706a5f10df04e6ba215 av_one_half  avia-builder-el-12  el_after_av_hr  el_before_av_one_half  first flex_column_div av-zero-column-padding  '     ><form action=\"https:\/\/sportschaeper.de\/courts-spielfelder\/torvarianten\/\" method=\"post\" data-fields-with-error=\"Fehler wurden in folgenden Feld(ern) gefunden:\" class=\"avia_ajax_form av-form-labels-hidden   avia-builder-el-13  avia-builder-el-no-sibling   \" data-avia-form-id=\"1\" data-avia-redirect='' ><h3 class=''>Bitte um R\u00fcckruf<\/h3><fieldset><p class='  first_form  form_element form_element_half' id='element_avia_1_1'><label for=\"avia_1_1\">Verein<\/label> <input name=\"avia_1_1\" class=\"text_input \" type=\"text\" id=\"avia_1_1\" value=\"\"  placeholder='Verein'\/><\/p><p class='  form_element form_element_half' id='element_avia_2_1'><label for=\"avia_2_1\">Name <abbr class=\"required\" title=\"ben\u00f6tigt\">*<\/abbr><\/label> <input name=\"avia_2_1\" class=\"text_input is_empty\" type=\"text\" id=\"avia_2_1\" value=\"\"  placeholder='Name*'\/><\/p><p class='  first_form  form_element form_element_half' id='element_avia_3_1'><label for=\"avia_3_1\">E-Mail <abbr class=\"required\" title=\"ben\u00f6tigt\">*<\/abbr><\/label> <input name=\"avia_3_1\" class=\"text_input is_email\" type=\"text\" id=\"avia_3_1\" value=\"\"  placeholder='E-Mail*'\/><\/p><p class='  form_element form_element_half' id='element_avia_4_1'><label for=\"avia_4_1\">Telefon <abbr class=\"required\" title=\"ben\u00f6tigt\">*<\/abbr><\/label> <input name=\"avia_4_1\" class=\"text_input is_empty\" type=\"text\" id=\"avia_4_1\" value=\"\"  placeholder='Telefon*'\/><\/p><p class=\"hidden\"><input type=\"text\" name=\"avia_5_1\" class=\"hidden \" id=\"avia_5_1\" value=\"\" \/><\/p><div id='avia_6_1' class='av-recaptcha-area  first_form  form_element form_fullwidth '  data-container_class=\"\" data-custom_class=\"\" data-context=\"av_contact_form\" data-token_input=\"av_recaptcha_token\" data-version=\"avia_recaptcha_v3\" data-theme=\"light\" data-size=\"normal\" data-score=\"0.5\" data-text_to_preview=\"\" data-value=\"\"><div class=\"av-google-badge-message hidden\">Diese Seite wird durch reCAPTCHA gesch\u00fctzt und es gelten die Google <a href=\"https:\/\/policies.google.com\/privacy\">Datenschutzerkl\u00e4rungen<\/a> und <a href=\"https:\/\/policies.google.com\/terms\">Nutzungsbedingungen<\/a><\/div><\/div><p class=\"form_element \"><input type=\"hidden\" value=\"1\" name=\"avia_generated_form1\" \/><input type=\"submit\" value=\"Bitte um R\u00fcckruf absenden!\" class=\"button\"  data-sending-label=\"Sende\"\/><\/p><\/fieldset><div class=\"avia-disabled-form\">Dieses Kontaktformular ist momentan deaktiviert, da Sie den Google reCAPTCHA-Service noch nicht akzeptiert haben. Dieser ist f\u00fcr die Validierung des Sendevorgangs jedoch notwendig<\/div><\/form><div id=\"ajaxresponse_1\" class=\"ajaxresponse ajaxresponse_1 hidden\"><\/div><\/div>\n<style type=\"text\/css\" data-created_by=\"avia_inline_auto\" id=\"style-css-av-l6k81b-dc67dc4f4a348e86231838191ce5f457\">\n.flex_column.av-l6k81b-dc67dc4f4a348e86231838191ce5f457{\nborder-radius:0px 0px 0px 0px;\npadding:0px 0px 0px 0px;\n}\n<\/style>\n<div  class='flex_column av-l6k81b-dc67dc4f4a348e86231838191ce5f457 av_one_half  avia-builder-el-14  el_after_av_one_half  avia-builder-el-last  flex_column_div av-zero-column-padding  '     ><p><section  class='av_textblock_section av-khvsonia-3bd062656405a8b1955d08be45eaecd2 '   itemscope=\"itemscope\" itemtype=\"https:\/\/schema.org\/CreativeWork\" ><div class='avia_textblock'  itemprop=\"text\" ><p><strong>Sch\u00e4per Sportger\u00e4tebau GmbH<\/strong><br \/>\nNottulner Landweg 107<br \/>\n48161 M\u00fcnster<br \/>\nDeutschland<\/p>\n<p>Tel.: +49 (0) 2534 \/ 621710<br \/>\nFax: +49 (0) 2534 \/ 621720<br \/>\nE-Mail: info@sportschaeper.de<br \/>\n<a href=\"https:\/\/www.sportschaeper.de\" target=\"_blank\" rel=\"noopener\">www.sportschaeper.de<\/a><\/p>\n<\/div><\/section><br \/>\n<section  class='av_textblock_section av-khvsonia-3bd062656405a8b1955d08be45eaecd2 '   itemscope=\"itemscope\" itemtype=\"https:\/\/schema.org\/CreativeWork\" ><div class='avia_textblock'  itemprop=\"text\" ><p>F\u00fcllen Sie bitte hierzu alle mit * gekennzeichneten Felder vollst\u00e4ndig aus! Wir werden uns schnellstm\u00f6glich mit Ihnen in Verbindung setzen.<\/p>\n<\/div><\/section><\/p><\/div><\/div><\/div><\/div><!-- close content main div --><\/div><\/div><div id='after_section_2'  class='main_color av_default_container_wrap container_wrap sidebar_right'  ><div class='container av-section-cont-open' ><div class='template-page content  av-content-small alpha units'><div class='post-entry post-entry-type-page post-entry-11027'><div class='entry-content-wrapper clearfix'>\n","protected":false},"excerpt":{"rendered":"","protected":false},"author":1,"featured_media":0,"parent":0,"menu_order":0,"comment_status":"closed","ping_status":"closed","template":"","meta":{"footnotes":""},"class_list":["post-11027","page","type-page","status-publish","hentry"],"yoast_head":"<!-- This site is optimized with the Yoast SEO plugin v27.5 - https:\/\/yoast.com\/product\/yoast-seo-wordpress\/ -->\n<title>Torvarianten - Soccer-Courts \/ Spielfelder<\/title>\n<meta name=\"description\" content=\"Unsere Soccer Courts \/ Spielfelder sind mit allen Varianten von Toren aus unserem Lieferprogramm kombinierbar.\" \/>\n<meta name=\"robots\" content=\"index, follow, max-snippet:-1, max-image-preview:large, max-video-preview:-1\" \/>\n<link rel=\"canonical\" href=\"https:\/\/sportschaeper.de\/courts-spielfelder\/torvarianten\/\" \/>\n<meta property=\"og:locale\" content=\"de_DE\" \/>\n<meta property=\"og:type\" content=\"article\" \/>\n<meta property=\"og:title\" content=\"Torvarianten - Soccer-Courts \/ Spielfelder\" \/>\n<meta property=\"og:description\" content=\"Unsere Soccer Courts \/ Spielfelder sind mit allen Varianten von Toren aus unserem Lieferprogramm kombinierbar.\" \/>\n<meta property=\"og:url\" content=\"https:\/\/sportschaeper.de\/courts-spielfelder\/torvarianten\/\" \/>\n<meta property=\"og:site_name\" content=\"Soccer-Courts \/ Spielfelder\" \/>\n<meta property=\"article:publisher\" content=\"https:\/\/www.facebook.com\/sportschaeper\" \/>\n<meta property=\"article:modified_time\" content=\"2022-05-20T09:19:30+00:00\" \/>\n<meta name=\"twitter:card\" content=\"summary_large_image\" \/>\n<meta name=\"twitter:label1\" content=\"Gesch\u00e4tzte Lesezeit\" \/>\n\t<meta name=\"twitter:data1\" content=\"9\u00a0Minuten\" \/>\n<script type=\"application\/ld+json\" class=\"yoast-schema-graph\">{\"@context\":\"https:\\\/\\\/schema.org\",\"@graph\":[{\"@type\":\"WebPage\",\"@id\":\"https:\\\/\\\/sportschaeper.de\\\/courts-spielfelder\\\/torvarianten\\\/\",\"url\":\"https:\\\/\\\/sportschaeper.de\\\/courts-spielfelder\\\/torvarianten\\\/\",\"name\":\"Torvarianten - Soccer-Courts \\\/ Spielfelder\",\"isPartOf\":{\"@id\":\"https:\\\/\\\/sportschaeper.de\\\/courts-spielfelder\\\/#website\"},\"datePublished\":\"2020-11-24T11:15:55+00:00\",\"dateModified\":\"2022-05-20T09:19:30+00:00\",\"description\":\"Unsere Soccer Courts \\\/ Spielfelder sind mit allen Varianten von Toren aus unserem Lieferprogramm kombinierbar.\",\"breadcrumb\":{\"@id\":\"https:\\\/\\\/sportschaeper.de\\\/courts-spielfelder\\\/torvarianten\\\/#breadcrumb\"},\"inLanguage\":\"de\",\"potentialAction\":[{\"@type\":\"ReadAction\",\"target\":[\"https:\\\/\\\/sportschaeper.de\\\/courts-spielfelder\\\/torvarianten\\\/\"]}]},{\"@type\":\"BreadcrumbList\",\"@id\":\"https:\\\/\\\/sportschaeper.de\\\/courts-spielfelder\\\/torvarianten\\\/#breadcrumb\",\"itemListElement\":[{\"@type\":\"ListItem\",\"position\":1,\"name\":\"Startseite\",\"item\":\"https:\\\/\\\/sportschaeper.de\\\/courts-spielfelder\\\/soccer-courts-spielfelder\\\/\"},{\"@type\":\"ListItem\",\"position\":2,\"name\":\"Torvarianten\"}]},{\"@type\":\"WebSite\",\"@id\":\"https:\\\/\\\/sportschaeper.de\\\/courts-spielfelder\\\/#website\",\"url\":\"https:\\\/\\\/sportschaeper.de\\\/courts-spielfelder\\\/\",\"name\":\"Soccer-Courts \\\/ Spielfelder\",\"description\":\"der Sch\u00e4per Sportger\u00e4tebau GmbH\",\"publisher\":{\"@id\":\"https:\\\/\\\/sportschaeper.de\\\/courts-spielfelder\\\/#organization\"},\"potentialAction\":[{\"@type\":\"SearchAction\",\"target\":{\"@type\":\"EntryPoint\",\"urlTemplate\":\"https:\\\/\\\/sportschaeper.de\\\/courts-spielfelder\\\/?s={search_term_string}\"},\"query-input\":{\"@type\":\"PropertyValueSpecification\",\"valueRequired\":true,\"valueName\":\"search_term_string\"}}],\"inLanguage\":\"de\"},{\"@type\":\"Organization\",\"@id\":\"https:\\\/\\\/sportschaeper.de\\\/courts-spielfelder\\\/#organization\",\"name\":\"Sch\u00e4per Sportger\u00e4tebau GmbH\",\"url\":\"https:\\\/\\\/sportschaeper.de\\\/courts-spielfelder\\\/\",\"logo\":{\"@type\":\"ImageObject\",\"inLanguage\":\"de\",\"@id\":\"https:\\\/\\\/sportschaeper.de\\\/courts-spielfelder\\\/#\\\/schema\\\/logo\\\/image\\\/\",\"url\":\"https:\\\/\\\/sportschaeper.de\\\/courts-spielfelder\\\/wp-content\\\/uploads\\\/2020\\\/09\\\/schaeper_sportgeraetebau_logo.png\",\"contentUrl\":\"https:\\\/\\\/sportschaeper.de\\\/courts-spielfelder\\\/wp-content\\\/uploads\\\/2020\\\/09\\\/schaeper_sportgeraetebau_logo.png\",\"width\":340,\"height\":156,\"caption\":\"Sch\u00e4per Sportger\u00e4tebau GmbH\"},\"image\":{\"@id\":\"https:\\\/\\\/sportschaeper.de\\\/courts-spielfelder\\\/#\\\/schema\\\/logo\\\/image\\\/\"},\"sameAs\":[\"https:\\\/\\\/www.facebook.com\\\/sportschaeper\",\"https:\\\/\\\/www.instagram.com\\\/sportschaeper\\\/\",\"https:\\\/\\\/www.youtube.com\\\/channel\\\/UCD1S-XyDGv5Zmso5KNKb8og\\\/videos\"]}]}<\/script>\n<!-- \/ Yoast SEO plugin. -->","yoast_head_json":{"title":"Torvarianten - Soccer-Courts \/ Spielfelder","description":"Unsere Soccer Courts \/ Spielfelder sind mit allen Varianten von Toren aus unserem Lieferprogramm kombinierbar.","robots":{"index":"index","follow":"follow","max-snippet":"max-snippet:-1","max-image-preview":"max-image-preview:large","max-video-preview":"max-video-preview:-1"},"canonical":"https:\/\/sportschaeper.de\/courts-spielfelder\/torvarianten\/","og_locale":"de_DE","og_type":"article","og_title":"Torvarianten - Soccer-Courts \/ Spielfelder","og_description":"Unsere Soccer Courts \/ Spielfelder sind mit allen Varianten von Toren aus unserem Lieferprogramm kombinierbar.","og_url":"https:\/\/sportschaeper.de\/courts-spielfelder\/torvarianten\/","og_site_name":"Soccer-Courts \/ Spielfelder","article_publisher":"https:\/\/www.facebook.com\/sportschaeper","article_modified_time":"2022-05-20T09:19:30+00:00","twitter_card":"summary_large_image","twitter_misc":{"Gesch\u00e4tzte Lesezeit":"9\u00a0Minuten"},"schema":{"@context":"https:\/\/schema.org","@graph":[{"@type":"WebPage","@id":"https:\/\/sportschaeper.de\/courts-spielfelder\/torvarianten\/","url":"https:\/\/sportschaeper.de\/courts-spielfelder\/torvarianten\/","name":"Torvarianten - Soccer-Courts \/ Spielfelder","isPartOf":{"@id":"https:\/\/sportschaeper.de\/courts-spielfelder\/#website"},"datePublished":"2020-11-24T11:15:55+00:00","dateModified":"2022-05-20T09:19:30+00:00","description":"Unsere Soccer Courts \/ Spielfelder sind mit allen Varianten von Toren aus unserem Lieferprogramm kombinierbar.","breadcrumb":{"@id":"https:\/\/sportschaeper.de\/courts-spielfelder\/torvarianten\/#breadcrumb"},"inLanguage":"de","potentialAction":[{"@type":"ReadAction","target":["https:\/\/sportschaeper.de\/courts-spielfelder\/torvarianten\/"]}]},{"@type":"BreadcrumbList","@id":"https:\/\/sportschaeper.de\/courts-spielfelder\/torvarianten\/#breadcrumb","itemListElement":[{"@type":"ListItem","position":1,"name":"Startseite","item":"https:\/\/sportschaeper.de\/courts-spielfelder\/soccer-courts-spielfelder\/"},{"@type":"ListItem","position":2,"name":"Torvarianten"}]},{"@type":"WebSite","@id":"https:\/\/sportschaeper.de\/courts-spielfelder\/#website","url":"https:\/\/sportschaeper.de\/courts-spielfelder\/","name":"Soccer-Courts \/ Spielfelder","description":"der Sch\u00e4per Sportger\u00e4tebau GmbH","publisher":{"@id":"https:\/\/sportschaeper.de\/courts-spielfelder\/#organization"},"potentialAction":[{"@type":"SearchAction","target":{"@type":"EntryPoint","urlTemplate":"https:\/\/sportschaeper.de\/courts-spielfelder\/?s={search_term_string}"},"query-input":{"@type":"PropertyValueSpecification","valueRequired":true,"valueName":"search_term_string"}}],"inLanguage":"de"},{"@type":"Organization","@id":"https:\/\/sportschaeper.de\/courts-spielfelder\/#organization","name":"Sch\u00e4per Sportger\u00e4tebau GmbH","url":"https:\/\/sportschaeper.de\/courts-spielfelder\/","logo":{"@type":"ImageObject","inLanguage":"de","@id":"https:\/\/sportschaeper.de\/courts-spielfelder\/#\/schema\/logo\/image\/","url":"https:\/\/sportschaeper.de\/courts-spielfelder\/wp-content\/uploads\/2020\/09\/schaeper_sportgeraetebau_logo.png","contentUrl":"https:\/\/sportschaeper.de\/courts-spielfelder\/wp-content\/uploads\/2020\/09\/schaeper_sportgeraetebau_logo.png","width":340,"height":156,"caption":"Sch\u00e4per Sportger\u00e4tebau GmbH"},"image":{"@id":"https:\/\/sportschaeper.de\/courts-spielfelder\/#\/schema\/logo\/image\/"},"sameAs":["https:\/\/www.facebook.com\/sportschaeper","https:\/\/www.instagram.com\/sportschaeper\/","https:\/\/www.youtube.com\/channel\/UCD1S-XyDGv5Zmso5KNKb8og\/videos"]}]}},"_links":{"self":[{"href":"https:\/\/sportschaeper.de\/courts-spielfelder\/wp-json\/wp\/v2\/pages\/11027","targetHints":{"allow":["GET"]}}],"collection":[{"href":"https:\/\/sportschaeper.de\/courts-spielfelder\/wp-json\/wp\/v2\/pages"}],"about":[{"href":"https:\/\/sportschaeper.de\/courts-spielfelder\/wp-json\/wp\/v2\/types\/page"}],"author":[{"embeddable":true,"href":"https:\/\/sportschaeper.de\/courts-spielfelder\/wp-json\/wp\/v2\/users\/1"}],"replies":[{"embeddable":true,"href":"https:\/\/sportschaeper.de\/courts-spielfelder\/wp-json\/wp\/v2\/comments?post=11027"}],"version-history":[{"count":11,"href":"https:\/\/sportschaeper.de\/courts-spielfelder\/wp-json\/wp\/v2\/pages\/11027\/revisions"}],"predecessor-version":[{"id":11131,"href":"https:\/\/sportschaeper.de\/courts-spielfelder\/wp-json\/wp\/v2\/pages\/11027\/revisions\/11131"}],"wp:attachment":[{"href":"https:\/\/sportschaeper.de\/courts-spielfelder\/wp-json\/wp\/v2\/media?parent=11027"}],"curies":[{"name":"wp","href":"https:\/\/api.w.org\/{rel}","templated":true}]}}